{"id":933,"date":"2025-03-28T18:42:19","date_gmt":"2025-03-28T18:42:19","guid":{"rendered":"https:\/\/dayandnightanimation.com\/?page_id=933"},"modified":"2026-01-19T10:34:44","modified_gmt":"2026-01-19T10:34:44","slug":"accueil-2","status":"publish","type":"page","link":"https:\/\/dayandnightanimation.com\/","title":{"rendered":"ACCUEIL"},"content":{"rendered":"\t\t<link href=\"https:\/\/dayandnightanimation.com\/wp-content\/plugins\/slideshow-ck\/themes\/default\/css\/camera.css\" rel=\"stylesheet\" type=\"text\/css\" \/>\n\t\t<style type=\"text\/css\">\n\t\t\t#camera_wrap_676 .camera_pag_ul li img, #camera_wrap_676 .camera_thumbs_cont ul li img {\n\t\t\t\theight:100px;\n\t\t\t\twidth: auto;\n\t\t\t}\n\t\t\t#camera_wrap_676 .camera_caption {\n\t\t\t\tdisplay: block;\n\t\t\t\tposition: absolute;\n\t\t\t}\n\t\t\t#camera_wrap_676 .camera_caption a.camera_caption_link {\n\t\t\t\tdisplay: block;\n\t\t\t\tposition: absolute;\n\t\t\t\tleft: 0;\n\t\t\t\tright: 0;\n\t\t\t\ttop: 0;\n\t\t\t\tbottom: 0;\n\t\t\t}\n\t\t\t#camera_wrap_676 .camera_caption > div {\n\t\t\t\tbackground: #000000;\t\t\t}\n\t\t\t#camera_wrap_676 .camera_caption div.camera_caption_title {\n\t\t\t\tfont-size: 18px;line-height: 18px;font-weight: normal;\t\t\t}\n\t\t\t#camera_wrap_676 .camera_caption div.camera_caption_desc {\n\t\t\t\tfont-size: 12px;line-height: 12px;font-weight: normal;\t\t\t}\n\t\t<\/style>\n\t\t\t\t<div class=\"slideshowck camera_wrap camera_tangerine_skin\" id=\"camera_wrap_676\">\n\t\t\t\t\t\t\t<div  data-thumb=\"https:\/\/dayandnightanimation.com\/wp-content\/uploads\/2025\/04\/IMG_7140.jpg\" data-src=\"https:\/\/dayandnightanimation.com\/wp-content\/uploads\/2025\/04\/IMG_7140.jpg\" >\n\t\t\t\t\t\t\t\t\t\t<\/div>\n\t\t\t\t\t\t\t<div  data-thumb=\"https:\/\/dayandnightanimation.com\/wp-content\/uploads\/2020\/10\/IMG_5173-scaled.jpg\" data-src=\"https:\/\/dayandnightanimation.com\/wp-content\/uploads\/2020\/10\/IMG_5173-scaled.jpg\" >\n\t\t\t\t\t\t\t\t\t\t<\/div>\n\t\t\t\t\t\t\t<div  data-thumb=\"https:\/\/dayandnightanimation.com\/wp-content\/uploads\/2022\/03\/IMG_0537-scaled.jpg\" data-src=\"https:\/\/dayandnightanimation.com\/wp-content\/uploads\/2022\/03\/IMG_0537-scaled.jpg\" >\n\t\t\t\t\t\t\t\t\t\t<\/div>\n\t\t\t\t\t\t\t<div  data-thumb=\"https:\/\/dayandnightanimation.com\/wp-content\/uploads\/2020\/03\/IMG_3924.jpg\" data-src=\"https:\/\/dayandnightanimation.com\/wp-content\/uploads\/2020\/03\/IMG_3924.jpg\" >\n\t\t\t\t\t\t\t\t\t\t<\/div>\n\t\t\t\t\t\t\t<div  data-thumb=\"https:\/\/dayandnightanimation.com\/wp-content\/uploads\/2025\/04\/unnamed-9-1.jpg\" data-src=\"https:\/\/dayandnightanimation.com\/wp-content\/uploads\/2025\/04\/unnamed-9-1.jpg\" >\n\t\t\t\t\t\t\t\t\t\t<\/div>\n\t\t\t\t\t\t\t<div  data-thumb=\"https:\/\/dayandnightanimation.com\/wp-content\/uploads\/2025\/04\/unnamed-8-1.jpg\" data-src=\"https:\/\/dayandnightanimation.com\/wp-content\/uploads\/2025\/04\/unnamed-8-1.jpg\" >\n\t\t\t\t\t\t\t\t\t\t<\/div>\n\t\t\t\t\t\t\t<div  data-thumb=\"https:\/\/dayandnightanimation.com\/wp-content\/uploads\/2025\/04\/unnamed-7-1.jpg\" data-src=\"https:\/\/dayandnightanimation.com\/wp-content\/uploads\/2025\/04\/unnamed-7-1.jpg\" >\n\t\t\t\t\t\t\t\t\t\t<\/div>\n\t\t\t\t\t<\/div>\n\t\t<div style=\"clear:both;\"><\/div>\n\t\t\n\n\n\n<blockquote class=\"wp-block-quote is-layout-flow wp-block-quote-is-layout-flow\">\n<p class=\"has-text-align-left has-medium-font-size\"><strong>Day and night Animation<\/strong><br><em>Avec vous tout au long de la journ\u00e9e\u2026 et jusqu\u2019au bout de la nuit !<\/em><\/p>\n\n\n\n<p class=\"has-medium-font-size\">Chaque mariage est unique, et le v\u00f4tre m\u00e9rite d\u2019\u00eatre \u00e0 votre image.<br>Chez <strong><mark style=\"background-color:rgba(0, 0, 0, 0);color:#02008f\" class=\"has-inline-color\">Day&amp;Night Animation<\/mark><\/strong>, je m\u2019adapte \u00e0 vos envies, vos attentes, vos personnalit\u00e9s. Ce n\u2019est pas <em>ma<\/em> soir\u00e9e, ni <em>mon<\/em> mariage : <strong><mark style=\"background-color:rgba(0, 0, 0, 0);color:#02008f\" class=\"has-inline-color\">c\u2019est le v\u00f4tre<\/mark><\/strong>. Et je suis l\u00e0 pour vous accompagner dans cette formidable aventure, du premier \u00e9change jusqu\u2019au petit matin du jour J.<\/p>\n\n\n\n<p class=\"has-medium-font-size\">Nous construisons ensemble une ambiance sur mesure, <strong><mark style=\"background-color:rgba(0, 0, 0, 0);color:#02008f\" class=\"has-inline-color\">fluide et festive<\/mark><\/strong>, en partageant beaucoup en amont pour que tout soit parfait le moment venu.<br>\u00c0 votre \u00e9coute, \u00e0 l\u2019\u00e9coute de vos proches, je vous guide, je vous conseille, toujours avec le sourire, l\u2019\u00e9nergie et la passion qui m\u2019animent depuis 10 ans.<\/p>\n\n\n\n<p class=\"has-text-align-left has-medium-font-size\">Votre satisfaction, et celle de vos invit\u00e9s, est ma priorit\u00e9. <br>La musique me transporte\u2026 et je ferai tout pour vous embarquer avec moi.<\/p>\n\n\n\n<p class=\"has-text-align-left has-medium-font-size\">Rien ne me rend plus heureux que de voir cette \u00e9tincelle dans vos yeux, cette joie pure quand la f\u00eate bat son plein. Ensemble, faisons de ce jour\u2026 <strong><mark style=\"background-color:rgba(0, 0, 0, 0);color:#02008f\" class=\"has-inline-color\">VOTRE jour<\/mark><\/strong>.<\/p>\n\n\n\n<p class=\"has-text-align-left has-medium-font-size\">Bienvenue chez <strong>Day And Night Animation<\/strong>.<\/p>\n<\/blockquote>\n\n\n<style>\r\n\r\n#wpsm_counter_b_row_955 .wpsm_counterbox\r\n{\r\n\ttext-align:center;\r\n\tmargin-top:50px;\r\n\tmargin-bottom:50px;\r\n}\r\n#wpsm_counter_b_row_955 .wpsm_counterbox .wpsm_count-icon{\r\n\tdisplay:block;\r\n\tmargin-top:20px;\r\n\tpadding-top:0px;\r\n\tpadding-bottom:0px;\r\n\tmargin-bottom:0px;\r\n\tmargin:0 auto;\r\n}\r\n#wpsm_counter_b_row_955 .wpsm_counterbox .wpsm_count-icon i{\r\n\tfont-size:40px;\r\n\tcolor:#02008f;\r\n}\r\n#wpsm_counter_b_row_955 .wpsm_counterbox .wpsm_number{\r\n\tfont-size:70px;\r\n\tfont-weight:600;\r\n\tcolor:#000000;\r\n\tfont-family:'Times New Roman';\r\n\tletter-spacing:2px;\r\n\tmargin-top:20px;\r\n\tline-height: 1.3em;\r\n\tpadding-top:0px;\r\n\tpadding-bottom:0px;\r\n\tmargin-bottom:0px;\r\n}\r\n#wpsm_counter_b_row_955 .wpsm_counterbox .wpsm_count-title{\r\n    font-size:40px;\r\n\tfont-weight:bolder;\r\n\tfont-family:'Times New Roman';\r\n\tletter-spacing:2px;\r\n    color: #02008f;\r\n\tfont-weight:600;\r\n\tmargin-top:20px;\r\n\tpadding-top:0px;\r\n\tpadding-bottom:0px;\r\n\tmargin-bottom:0px;\r\n\tline-height: 1.3em;\r\n}\r\n\r\n<\/style> \r\n\t\t \r\n\t\t\r\n\t\t<style>\r\n\t\t#wpsm_counter_b_row_955\t\t\t{\r\n\t\t\t\t\r\n\t\t\t\tposition:relative;\r\n\t\t\t\twidth:100%;\r\n\t\t\t\toverflow:hidden;\r\n\t\t\t\ttext-align:center;\r\n\t\t\t}\r\n\t\t\t \r\n\t\t\t#wpsm_counter_b_row_955 .wpsm_row{\r\n\t\t\toverflow:hidden;\r\n\t\t\tdisplay:block;\r\n\t\t\twidth:100%;\r\n\t\t\t} \r\n\t\t\t \r\n\t\t\t#wpsm_counter_b_row_955 .wpsm_row{\r\n\t\t\toverflow:visible;\r\n\t\t\t} \r\n\t\t\t \r\n\t\t\t#wpsm_counter_b_row_955 .wpsm_counterbox .wpsm_count-title{\r\n\t\t\tmin-height:56px;\r\n\t\t\t}}\r\n\t\t\t \r\n\t\t<\/style>\r\n\t\t\r\n\t\t<div class=\"wpsm_counter_b_row\" id=\"wpsm_counter_b_row_955\">\r\n\t\t\t<div>\r\n\t\t\t\t<div class=\"wpsm_row\">\r\n\t\t\r\n\t\t\t\t\t\t<div class=\"wpsm_col-md-4 wpsm_col-sm-6\">\r\n\t\t\t\t\t<div class=\"wpsm_counterbox\">\r\n\t\t\t\t\t\t \r\n\t\t\t\t\t\t<div class=\"wpsm_count-icon\"><i #02008f class=\"fa fa-music\"><\/i><\/div>\r\n\t\t\t\t\t\t\t\t\t\t\t\t<div class=\"wpsm_number\" style=\"#000000\" >\r\n\t\t\t\t\t\t   <span class=\"counter\">15000\t\t\t\t\t\t   <\/span>\r\n\t\t\t\t\t\t    \r\n\t\t\t\t\t    <\/div>\r\n\t\t\t\t\t\t<h3 class=\"wpsm_count-title\" #02008f> Musiques jou\u00e9es<\/h3>\r\n\t\t\t\t\t\t \r\n\t\t\t\t\t<\/div>\r\n\t\t\t\t<\/div>\r\n\t\t\t\t\t\t\t\t\t<div class=\"wpsm_col-md-4 wpsm_col-sm-6\">\r\n\t\t\t\t\t<div class=\"wpsm_counterbox\">\r\n\t\t\t\t\t\t \r\n\t\t\t\t\t\t<div class=\"wpsm_count-icon\"><i #02008f class=\"fa fa-heart\"><\/i><\/div>\r\n\t\t\t\t\t\t\t\t\t\t\t\t<div class=\"wpsm_number\" style=\"#000000\" >\r\n\t\t\t\t\t\t   <span class=\"counter\">200\t\t\t\t\t\t   <\/span>\r\n\t\t\t\t\t\t    \r\n\t\t\t\t\t    <\/div>\r\n\t\t\t\t\t\t<h3 class=\"wpsm_count-title\" #02008f> Mariages c\u00e9l\u00e9br\u00e9s<\/h3>\r\n\t\t\t\t\t\t \r\n\t\t\t\t\t<\/div>\r\n\t\t\t\t<\/div>\r\n\t\t\t\t\t\t\t\t\t<div class=\"wpsm_col-md-4 wpsm_col-sm-6\">\r\n\t\t\t\t\t<div class=\"wpsm_counterbox\">\r\n\t\t\t\t\t\t \r\n\t\t\t\t\t\t<div class=\"wpsm_count-icon\"><i #02008f class=\"fa fa-envelope-square\"><\/i><\/div>\r\n\t\t\t\t\t\t\t\t\t\t\t\t<div class=\"wpsm_number\" style=\"#000000\" >\r\n\t\t\t\t\t\t   <span class=\"counter\">9500\t\t\t\t\t\t   <\/span>\r\n\t\t\t\t\t\t    \r\n\t\t\t\t\t    <\/div>\r\n\t\t\t\t\t\t<h3 class=\"wpsm_count-title\" #02008f> Mails \u00e9chang\u00e9s<\/h3>\r\n\t\t\t\t\t\t \r\n\t\t\t\t\t<\/div>\r\n\t\t\t\t<\/div>\r\n\t\t\t\t\t\t<\/div>\r\n\t\t\t<div class=\"wpsm_row\">\r\n\t\t\t\t\t\t\r\n\t\t\t<\/div>\t\t\t\t<\/div>\r\n\t\t<\/div>\r\n\t\t\r\n\t\n\n\n\n<figure class=\"wp-block-video\"><video height=\"1600\" style=\"aspect-ratio: 3840 \/ 1600;\" width=\"3840\" controls src=\"https:\/\/dayandnightanimation.com\/wp-content\/uploads\/2025\/04\/DAY-NIGHT.mp4\"><\/video><\/figure>\n\n\n\n<p class=\"has-medium-font-size\"><strong>Ils en parlent mieux que moi\u2026<\/strong><br>Parce qu\u2019il n\u2019y a rien de plus pr\u00e9cieux que la parole de ceux que j\u2019ai eu la chance d\u2019accompagner, d\u00e9couvrez leurs t\u00e9moignages et avis sur mes prestations :<\/p>\n\n\n\n<figure class=\"wp-block-image aligncenter size-large is-resized\"><a href=\"https:\/\/lesprestatairesdemariage.fr\/\"><img alt=\"\" fetchpriority=\"high\" decoding=\"async\" width=\"1024\" height=\"363\" src=\"https:\/\/dayandnightanimation.com\/wp-content\/uploads\/2026\/01\/Screenshot-2026-01-19-11.22.26-1024x363.png\" alt=\"\" class=\"wp-image-1109\" style=\"aspect-ratio:2.82101844333604;width:413px;height:auto\" srcset=\"https:\/\/dayandnightanimation.com\/wp-content\/uploads\/2026\/01\/Screenshot-2026-01-19-11.22.26-1024x363.png 1024w, https:\/\/dayandnightanimation.com\/wp-content\/uploads\/2026\/01\/Screenshot-2026-01-19-11.22.26-300x106.png 300w, https:\/\/dayandnightanimation.com\/wp-content\/uploads\/2026\/01\/Screenshot-2026-01-19-11.22.26-768x273.png 768w, https:\/\/dayandnightanimation.com\/wp-content\/uploads\/2026\/01\/Screenshot-2026-01-19-11.22.26.png 1172w\" sizes=\"(max-width: 1024px) 100vw, 1024px\" \/><\/a><\/figure>\n\n\n\n<div class=\"wp-block-columns is-layout-flex wp-container-core-columns-is-layout-28f84493 wp-block-columns-is-layout-flex\">\n<div class=\"wp-block-column is-layout-flow wp-block-column-is-layout-flow\">\n<figure class=\"wp-block-gallery has-nested-images columns-default is-cropped wp-block-gallery-1 is-layout-flex wp-block-gallery-is-layout-flex\">\n<figure class=\"wp-block-image alignfull size-large\"><a href=\"https:\/\/www.mariages.net\/musique-mariage\/day&amp;night-animation--e196499\"><img alt=\"\" decoding=\"async\" width=\"800\" height=\"199\" data-id=\"1113\" src=\"https:\/\/dayandnightanimation.com\/wp-content\/uploads\/2026\/01\/logo-mariage.net_.jpg\" alt=\"\" class=\"wp-image-1113\" srcset=\"https:\/\/dayandnightanimation.com\/wp-content\/uploads\/2026\/01\/logo-mariage.net_.jpg 800w, https:\/\/dayandnightanimation.com\/wp-content\/uploads\/2026\/01\/logo-mariage.net_-300x75.jpg 300w, https:\/\/dayandnightanimation.com\/wp-content\/uploads\/2026\/01\/logo-mariage.net_-768x191.jpg 768w\" sizes=\"(max-width: 800px) 100vw, 800px\" \/><\/a><\/figure>\n<\/figure>\n<\/div>\n\n\n\n<div class=\"wp-block-column is-layout-flow wp-block-column-is-layout-flow\">\n<figure class=\"wp-block-image aligncenter size-full is-resized\"><a href=\"https:\/\/www.facebook.com\/day.night.animation\/\" target=\"_blank\" rel=\" noreferrer noopener\"><img alt=\"\" decoding=\"async\" width=\"960\" height=\"960\" src=\"https:\/\/dayandnightanimation.com\/wp-content\/uploads\/2025\/04\/Facebook_logo_square.png\" alt=\"\" class=\"wp-image-944\" style=\"width:152px;height:auto\" srcset=\"https:\/\/dayandnightanimation.com\/wp-content\/uploads\/2025\/04\/Facebook_logo_square.png 960w, https:\/\/dayandnightanimation.com\/wp-content\/uploads\/2025\/04\/Facebook_logo_square-300x300.png 300w, https:\/\/dayandnightanimation.com\/wp-content\/uploads\/2025\/04\/Facebook_logo_square-150x150.png 150w, https:\/\/dayandnightanimation.com\/wp-content\/uploads\/2025\/04\/Facebook_logo_square-768x768.png 768w, https:\/\/dayandnightanimation.com\/wp-content\/uploads\/2025\/04\/Facebook_logo_square-270x270.png 270w, https:\/\/dayandnightanimation.com\/wp-content\/uploads\/2025\/04\/Facebook_logo_square-230x230.png 230w\" sizes=\"(max-width: 960px) 100vw, 960px\" \/><\/a><\/figure>\n<\/div>\n\n\n\n<div class=\"wp-block-column is-layout-flow wp-block-column-is-layout-flow\">\n<figure class=\"wp-block-image aligncenter size-large is-resized\"><a href=\"https:\/\/www.instagram.com\/daynightanimation\/\" target=\"_blank\" rel=\" noreferrer noopener\"><img alt=\"\" loading=\"lazy\" decoding=\"async\" width=\"1024\" height=\"1024\" src=\"https:\/\/dayandnightanimation.com\/wp-content\/uploads\/2025\/04\/Instagram_icon-1-1024x1024.png\" alt=\"\" class=\"wp-image-946\" style=\"width:148px;height:auto\" srcset=\"https:\/\/dayandnightanimation.com\/wp-content\/uploads\/2025\/04\/Instagram_icon-1-1024x1024.png 1024w, https:\/\/dayandnightanimation.com\/wp-content\/uploads\/2025\/04\/Instagram_icon-1-300x300.png 300w, https:\/\/dayandnightanimation.com\/wp-content\/uploads\/2025\/04\/Instagram_icon-1-150x150.png 150w, https:\/\/dayandnightanimation.com\/wp-content\/uploads\/2025\/04\/Instagram_icon-1-768x768.png 768w, https:\/\/dayandnightanimation.com\/wp-content\/uploads\/2025\/04\/Instagram_icon-1-1536x1536.png 1536w, https:\/\/dayandnightanimation.com\/wp-content\/uploads\/2025\/04\/Instagram_icon-1-2048x2048.png 2048w, https:\/\/dayandnightanimation.com\/wp-content\/uploads\/2025\/04\/Instagram_icon-1-270x270.png 270w, https:\/\/dayandnightanimation.com\/wp-content\/uploads\/2025\/04\/Instagram_icon-1-230x230.png 230w\" sizes=\"(max-width: 1024px) 100vw, 1024px\" \/><\/a><\/figure>\n<\/div>\n<\/div>\n","protected":false},"excerpt":{"rendered":"<p>Day and night AnimationAvec vous tout au long de la journ\u00e9e\u2026 et jusqu\u2019au bout de la nuit ! Chaque mariage est unique, et le v\u00f4tre m\u00e9rite d\u2019\u00eatre \u00e0 votre image.Chez Day&amp;Night Animation, je m\u2019adapte \u00e0 vos envies, vos attentes, vos<\/p>\n","protected":false},"author":1,"featured_media":0,"parent":0,"menu_order":0,"comment_status":"closed","ping_status":"closed","template":"","meta":{"_seopress_robots_primary_cat":"","_seopress_titles_title":"","_seopress_titles_desc":"","_seopress_robots_index":"","footnotes":""},"class_list":["post-933","page","type-page","status-publish","hentry"],"_links":{"self":[{"href":"https:\/\/dayandnightanimation.com\/index.php?rest_route=\/wp\/v2\/pages\/933","targetHints":{"allow":["GET"]}}],"collection":[{"href":"https:\/\/dayandnightanimation.com\/index.php?rest_route=\/wp\/v2\/pages"}],"about":[{"href":"https:\/\/dayandnightanimation.com\/index.php?rest_route=\/wp\/v2\/types\/page"}],"author":[{"embeddable":true,"href":"https:\/\/dayandnightanimation.com\/index.php?rest_route=\/wp\/v2\/users\/1"}],"replies":[{"embeddable":true,"href":"https:\/\/dayandnightanimation.com\/index.php?rest_route=%2Fwp%2Fv2%2Fcomments&post=933"}],"version-history":[{"count":27,"href":"https:\/\/dayandnightanimation.com\/index.php?rest_route=\/wp\/v2\/pages\/933\/revisions"}],"predecessor-version":[{"id":1115,"href":"https:\/\/dayandnightanimation.com\/index.php?rest_route=\/wp\/v2\/pages\/933\/revisions\/1115"}],"wp:attachment":[{"href":"https:\/\/dayandnightanimation.com\/index.php?rest_route=%2Fwp%2Fv2%2Fmedia&parent=933"}],"curies":[{"name":"wp","href":"https:\/\/api.w.org\/{rel}","templated":true}]}}