{"id":839,"date":"2021-04-30T14:54:03","date_gmt":"2021-04-30T14:54:03","guid":{"rendered":"http:\/\/dayandnightanimation.com\/?page_id=839"},"modified":"2025-04-23T17:18:27","modified_gmt":"2025-04-23T17:18:27","slug":"partenaires","status":"publish","type":"page","link":"https:\/\/dayandnightanimation.com\/?page_id=839","title":{"rendered":"PARTENAIRES"},"content":{"rendered":"\t\t<div data-elementor-type=\"wp-page\" data-elementor-id=\"839\" class=\"elementor elementor-839\">\n\t\t\t\t\t\t<section class=\"elementor-section elementor-top-section elementor-element elementor-element-f3105b7 elementor-section-boxed elementor-section-height-default elementor-section-height-default elementor-invisible\" data-id=\"f3105b7\" data-element_type=\"section\" data-e-type=\"section\" data-settings=\"{&quot;animation&quot;:&quot;fadeIn&quot;}\">\n\t\t\t\t\t\t<div class=\"elementor-container elementor-column-gap-default\">\n\t\t\t\t\t<div class=\"elementor-column elementor-col-100 elementor-top-column elementor-element elementor-element-ac2498c\" data-id=\"ac2498c\" data-element_type=\"column\" data-e-type=\"column\">\n\t\t\t<div class=\"elementor-widget-wrap elementor-element-populated\">\n\t\t\t\t\t\t<div class=\"elementor-element elementor-element-cfa9ab2 elementor-widget elementor-widget-heading\" data-id=\"cfa9ab2\" data-element_type=\"widget\" data-e-type=\"widget\" data-widget_type=\"heading.default\">\n\t\t\t\t<div class=\"elementor-widget-container\">\n\t\t\t\t\t<h2 class=\"elementor-heading-title elementor-size-default\">Le Chateau de Barbirey et ses jardins <\/h2>\t\t\t\t<\/div>\n\t\t\t\t<\/div>\n\t\t\t\t\t<\/div>\n\t\t<\/div>\n\t\t\t\t\t<\/div>\n\t\t<\/section>\n\t\t\t\t<section class=\"elementor-section elementor-top-section elementor-element elementor-element-6f50b77 elementor-section-boxed elementor-section-height-default elementor-section-height-default elementor-invisible\" data-id=\"6f50b77\" data-element_type=\"section\" data-e-type=\"section\" data-settings=\"{&quot;animation&quot;:&quot;fadeIn&quot;}\">\n\t\t\t\t\t\t<div class=\"elementor-container elementor-column-gap-default\">\n\t\t\t\t\t<div class=\"elementor-column elementor-col-50 elementor-top-column elementor-element elementor-element-596068d\" data-id=\"596068d\" data-element_type=\"column\" data-e-type=\"column\">\n\t\t\t<div class=\"elementor-widget-wrap elementor-element-populated\">\n\t\t\t\t\t\t<div class=\"elementor-element elementor-element-4a859ef elementor-widget elementor-widget-text-editor\" data-id=\"4a859ef\" data-element_type=\"widget\" data-e-type=\"widget\" data-widget_type=\"text-editor.default\">\n\t\t\t\t<div class=\"elementor-widget-container\">\n\t\t\t\t\t\t\t\t\t<p>\u00ab\u00a0J&rsquo;ai la chance d&rsquo;\u00eatre l&rsquo;un des prestataires r\u00e9f\u00e9renc\u00e9s au <strong>ch\u00e2teau de Barbirey<\/strong>. Ce domaine poss\u00e9dant un charme fou situ\u00e9 au c\u0153ur de la Bourgogne saura vous \u00e9blouir par la beaut\u00e9 de son parc et de ses jardins ainsi que par le romantisme inh\u00e9rent \u00e0 ce lieu. Une \u00e9quipe dynamique et \u00e0 l&rsquo;\u00e9coute vous accompagnera dans les moindres d\u00e9tails de votre \u00e9v\u00e8nement .\u00a0 Le lieu poss\u00e8de de nombreux atouts comme des couchages de qualit\u00e9 sur place , un parc clos et plusieurs espaces de r\u00e9ception parfaitement adapt\u00e9s \u00e0 tout type de manifestation.\u00a0<\/p><p>Me concernant je vous propose <strong>deux formules \u00e0 des tarifs pr\u00e9f\u00e9rentiels <\/strong>donc n&rsquo;h\u00e9sitez\u00a0pas \u00e0 me contacter pour plus de renseignements.\u00a0\u00bb\u00a0<\/p>\t\t\t\t\t\t\t\t<\/div>\n\t\t\t\t<\/div>\n\t\t\t\t\t<\/div>\n\t\t<\/div>\n\t\t\t\t<div class=\"elementor-column elementor-col-50 elementor-top-column elementor-element elementor-element-2eab463\" data-id=\"2eab463\" data-element_type=\"column\" data-e-type=\"column\">\n\t\t\t<div class=\"elementor-widget-wrap elementor-element-populated\">\n\t\t\t\t\t\t<div class=\"elementor-element elementor-element-7201aad elementor-widget elementor-widget-image\" data-id=\"7201aad\" data-element_type=\"widget\" data-e-type=\"widget\" data-widget_type=\"image.default\">\n\t\t\t\t<div class=\"elementor-widget-container\">\n\t\t\t\t\t\t\t\t\t\t\t\t\t\t\t<img alt=\"\" fetchpriority=\"high\" decoding=\"async\" width=\"750\" height=\"500\" src=\"https:\/\/dayandnightanimation.com\/wp-content\/uploads\/2021\/04\/IMG_5254.jpg\" class=\"attachment-large size-large wp-image-848\" alt=\"\" srcset=\"https:\/\/dayandnightanimation.com\/wp-content\/uploads\/2021\/04\/IMG_5254.jpg 810w, https:\/\/dayandnightanimation.com\/wp-content\/uploads\/2021\/04\/IMG_5254-300x200.jpg 300w, https:\/\/dayandnightanimation.com\/wp-content\/uploads\/2021\/04\/IMG_5254-768x512.jpg 768w\" sizes=\"(max-width: 750px) 100vw, 750px\" \/>\t\t\t\t\t\t\t\t\t\t\t\t\t\t\t<\/div>\n\t\t\t\t<\/div>\n\t\t\t\t\t<\/div>\n\t\t<\/div>\n\t\t\t\t\t<\/div>\n\t\t<\/section>\n\t\t\t\t<section class=\"elementor-section elementor-top-section elementor-element elementor-element-71062ad elementor-section-boxed elementor-section-height-default elementor-section-height-default elementor-invisible\" data-id=\"71062ad\" data-element_type=\"section\" data-e-type=\"section\" data-settings=\"{&quot;animation&quot;:&quot;fadeIn&quot;}\">\n\t\t\t\t\t\t<div class=\"elementor-container elementor-column-gap-default\">\n\t\t\t\t\t<div class=\"elementor-column elementor-col-100 elementor-top-column elementor-element elementor-element-360d86b\" data-id=\"360d86b\" data-element_type=\"column\" data-e-type=\"column\">\n\t\t\t<div class=\"elementor-widget-wrap elementor-element-populated\">\n\t\t\t\t\t\t<div class=\"elementor-element elementor-element-0f718c9 elementor-widget elementor-widget-heading\" data-id=\"0f718c9\" data-element_type=\"widget\" data-e-type=\"widget\" data-widget_type=\"heading.default\">\n\t\t\t\t<div class=\"elementor-widget-container\">\n\t\t\t\t\t<h2 class=\"elementor-heading-title elementor-size-default\">Le Chateau d'Arcelot<\/h2>\t\t\t\t<\/div>\n\t\t\t\t<\/div>\n\t\t\t\t\t<\/div>\n\t\t<\/div>\n\t\t\t\t\t<\/div>\n\t\t<\/section>\n\t\t\t\t<section class=\"elementor-section elementor-top-section elementor-element elementor-element-87faccc elementor-section-boxed elementor-section-height-default elementor-section-height-default elementor-invisible\" data-id=\"87faccc\" data-element_type=\"section\" data-e-type=\"section\" data-settings=\"{&quot;animation&quot;:&quot;fadeIn&quot;}\">\n\t\t\t\t\t\t<div class=\"elementor-container elementor-column-gap-default\">\n\t\t\t\t\t<div class=\"elementor-column elementor-col-50 elementor-top-column elementor-element elementor-element-ea75b16\" data-id=\"ea75b16\" data-element_type=\"column\" data-e-type=\"column\">\n\t\t\t<div class=\"elementor-widget-wrap elementor-element-populated\">\n\t\t\t\t\t\t<div class=\"elementor-element elementor-element-ab5029f elementor-widget elementor-widget-text-editor\" data-id=\"ab5029f\" data-element_type=\"widget\" data-e-type=\"widget\" data-widget_type=\"text-editor.default\">\n\t\t\t\t<div class=\"elementor-widget-container\">\n\t\t\t\t\t\t\t\t\t<p>\u00ab\u00a0J&rsquo;ai le bonheur immense d&rsquo;\u00eatre l&rsquo;un des nouveaux prestataires r\u00e9f\u00e9renc\u00e9s sur ce lieu. Ce ch\u00e2teau majestueux de 18\u00e8me si\u00e8cle poss\u00e8de \u00e9galement un parc de 45 hectares, celui-ci \u00e9tant class\u00e9. Vous aurez \u00e0 votre disposition plusieurs espaces de r\u00e9ception, notamment le <strong>Trianon<\/strong> b\u00e2timent commercialis\u00e9 \u00e0 partir d&rsquo;ao\u00fbt 2022. Cette salle peut accueillir jusqu&rsquo;\u00e0 320 personnes assises, avec une installation son et lumi\u00e8re des plus performantes. Cet ensemble respecte le cadre magnifique du parc pour vos \u00e9v\u00e8nements particuliers ou professionnels de prestigieux.\u00a0<\/p><p>Me concernant, je vous propose <strong>deux formules \u00e0 des tarifs pr\u00e9f\u00e9rentiels<\/strong> donc n&rsquo;h\u00e9sitez pas \u00e0 me contacter pour plus de renseignements.\u00a0\u00bb<\/p>\t\t\t\t\t\t\t\t<\/div>\n\t\t\t\t<\/div>\n\t\t\t\t\t<\/div>\n\t\t<\/div>\n\t\t\t\t<div class=\"elementor-column elementor-col-50 elementor-top-column elementor-element elementor-element-bd67b1a\" data-id=\"bd67b1a\" data-element_type=\"column\" data-e-type=\"column\">\n\t\t\t<div class=\"elementor-widget-wrap elementor-element-populated\">\n\t\t\t\t\t\t<div class=\"elementor-element elementor-element-47fc9d0 elementor-widget elementor-widget-image\" data-id=\"47fc9d0\" data-element_type=\"widget\" data-e-type=\"widget\" data-widget_type=\"image.default\">\n\t\t\t\t<div class=\"elementor-widget-container\">\n\t\t\t\t\t\t\t\t\t\t\t\t\t\t\t<img alt=\"\" decoding=\"async\" width=\"750\" height=\"502\" src=\"https:\/\/dayandnightanimation.com\/wp-content\/uploads\/2021\/04\/IMG_0074-1024x685.jpg\" class=\"attachment-large size-large wp-image-849\" alt=\"\" srcset=\"https:\/\/dayandnightanimation.com\/wp-content\/uploads\/2021\/04\/IMG_0074-1024x685.jpg 1024w, https:\/\/dayandnightanimation.com\/wp-content\/uploads\/2021\/04\/IMG_0074-300x201.jpg 300w, https:\/\/dayandnightanimation.com\/wp-content\/uploads\/2021\/04\/IMG_0074-768x514.jpg 768w, https:\/\/dayandnightanimation.com\/wp-content\/uploads\/2021\/04\/IMG_0074-1536x1028.jpg 1536w, https:\/\/dayandnightanimation.com\/wp-content\/uploads\/2021\/04\/IMG_0074.jpg 1920w\" sizes=\"(max-width: 750px) 100vw, 750px\" \/>\t\t\t\t\t\t\t\t\t\t\t\t\t\t\t<\/div>\n\t\t\t\t<\/div>\n\t\t\t\t\t<\/div>\n\t\t<\/div>\n\t\t\t\t\t<\/div>\n\t\t<\/section>\n\t\t\t\t<\/div>\n\t\t","protected":false},"excerpt":{"rendered":"<p>Chez Day&amp;Night Animation, je crois profond\u00e9ment que la r\u00e9ussite d\u2019un mariage repose aussi sur la belle synergie entre tous les prestataires.Photographes, vid\u00e9astes, traiteurs, fleuristes, lieux de r\u00e9ception\u2026 je m\u2019entoure de professionnels passionn\u00e9s et engag\u00e9s, avec qui je partage les m\u00eames<\/p>\n","protected":false},"author":1,"featured_media":0,"parent":0,"menu_order":0,"comment_status":"closed","ping_status":"closed","template":"page-templates\/page-builder.php","meta":{"_seopress_robots_primary_cat":"","_seopress_titles_title":"","_seopress_titles_desc":"","_seopress_robots_index":"","footnotes":""},"class_list":["post-839","page","type-page","status-publish","hentry"],"_links":{"self":[{"href":"https:\/\/dayandnightanimation.com\/index.php?rest_route=\/wp\/v2\/pages\/839","targetHints":{"allow":["GET"]}}],"collection":[{"href":"https:\/\/dayandnightanimation.com\/index.php?rest_route=\/wp\/v2\/pages"}],"about":[{"href":"https:\/\/dayandnightanimation.com\/index.php?rest_route=\/wp\/v2\/types\/page"}],"author":[{"embeddable":true,"href":"https:\/\/dayandnightanimation.com\/index.php?rest_route=\/wp\/v2\/users\/1"}],"replies":[{"embeddable":true,"href":"https:\/\/dayandnightanimation.com\/index.php?rest_route=%2Fwp%2Fv2%2Fcomments&post=839"}],"version-history":[{"count":21,"href":"https:\/\/dayandnightanimation.com\/index.php?rest_route=\/wp\/v2\/pages\/839\/revisions"}],"predecessor-version":[{"id":1097,"href":"https:\/\/dayandnightanimation.com\/index.php?rest_route=\/wp\/v2\/pages\/839\/revisions\/1097"}],"wp:attachment":[{"href":"https:\/\/dayandnightanimation.com\/index.php?rest_route=%2Fwp%2Fv2%2Fmedia&parent=839"}],"curies":[{"name":"wp","href":"https:\/\/api.w.org\/{rel}","templated":true}]}}