{"id":517,"date":"2020-03-14T11:56:38","date_gmt":"2020-03-14T11:56:38","guid":{"rendered":"http:\/\/dayandnightanimation-com.preview-domain.com\/?page_id=517"},"modified":"2026-01-20T13:09:46","modified_gmt":"2026-01-20T13:09:46","slug":"mariage","status":"publish","type":"page","link":"https:\/\/dayandnightanimation.com\/?page_id=517","title":{"rendered":"MARIAGE"},"content":{"rendered":"\t\t<div data-elementor-type=\"wp-page\" data-elementor-id=\"517\" class=\"elementor elementor-517\">\n\t\t\t\t\t\t<section class=\"elementor-section elementor-top-section elementor-element elementor-element-0eb8f15 elementor-section-boxed elementor-section-height-default elementor-section-height-default\" data-id=\"0eb8f15\" data-element_type=\"section\" data-e-type=\"section\">\n\t\t\t\t\t\t<div class=\"elementor-container elementor-column-gap-default\">\n\t\t\t\t\t<div class=\"elementor-column elementor-col-100 elementor-top-column elementor-element elementor-element-e0ba8ba\" data-id=\"e0ba8ba\" data-element_type=\"column\" data-e-type=\"column\">\n\t\t\t<div class=\"elementor-widget-wrap elementor-element-populated\">\n\t\t\t\t\t\t<div class=\"elementor-element elementor-element-14d989f elementor-widget elementor-widget-image\" data-id=\"14d989f\" data-element_type=\"widget\" data-e-type=\"widget\" data-widget_type=\"image.default\">\n\t\t\t\t<div class=\"elementor-widget-container\">\n\t\t\t\t\t\t\t\t\t\t\t\t\t\t\t<img alt=\"\" fetchpriority=\"high\" decoding=\"async\" width=\"768\" height=\"513\" src=\"https:\/\/dayandnightanimation.com\/wp-content\/uploads\/2022\/03\/IMG_1453-2-768x513.jpg\" class=\"attachment-medium_large size-medium_large wp-image-877\" alt=\"\" srcset=\"https:\/\/dayandnightanimation.com\/wp-content\/uploads\/2022\/03\/IMG_1453-2-768x513.jpg 768w, https:\/\/dayandnightanimation.com\/wp-content\/uploads\/2022\/03\/IMG_1453-2-300x200.jpg 300w, https:\/\/dayandnightanimation.com\/wp-content\/uploads\/2022\/03\/IMG_1453-2-1024x684.jpg 1024w, https:\/\/dayandnightanimation.com\/wp-content\/uploads\/2022\/03\/IMG_1453-2.jpg 1500w\" sizes=\"(max-width: 768px) 100vw, 768px\" \/>\t\t\t\t\t\t\t\t\t\t\t\t\t\t\t<\/div>\n\t\t\t\t<\/div>\n\t\t\t\t\t<\/div>\n\t\t<\/div>\n\t\t\t\t\t<\/div>\n\t\t<\/section>\n\t\t\t\t<section class=\"elementor-section elementor-top-section elementor-element elementor-element-434e7560 elementor-section-boxed elementor-section-height-default elementor-section-height-default\" data-id=\"434e7560\" data-element_type=\"section\" data-e-type=\"section\">\n\t\t\t\t\t\t<div class=\"elementor-container elementor-column-gap-default\">\n\t\t\t\t\t<div class=\"elementor-column elementor-col-100 elementor-top-column elementor-element elementor-element-73c1dc8e\" data-id=\"73c1dc8e\" data-element_type=\"column\" data-e-type=\"column\">\n\t\t\t<div class=\"elementor-widget-wrap elementor-element-populated\">\n\t\t\t\t\t\t<div class=\"elementor-element elementor-element-55772a61 elementor-widget elementor-widget-text-editor\" data-id=\"55772a61\" data-element_type=\"widget\" data-e-type=\"widget\" data-widget_type=\"text-editor.default\">\n\t\t\t\t<div class=\"elementor-widget-container\">\n\t\t\t\t\t\t\t\t\t<p><\/p>\n<p>Votre mariage est un jour unique et je vous propose donc une prestation haut de gamme. Vous avez le choix entre plusieurs formules correspondant le mieux \u00e0 vos attentes, celles-ci \u00e9tant modulables.<\/p>\n<p><\/p>\n<p>Ce tarif inclut \u00e9galement les rendez-vous, aussi nombreux que n\u00e9cessaire, avec vous comme vos t\u00e9moins ou d&rsquo;autres proches faisant parties de l&rsquo;organisation de cette journ\u00e9e, mais \u00e9galement le montage et le d\u00e9montage du mat\u00e9riel et bien s\u00fbr ma pr\u00e9sence le jour j selon les termes de notre contrat.<\/p>\n<p><\/p>\t\t\t\t\t\t\t\t<\/div>\n\t\t\t\t<\/div>\n\t\t\t\t\t<\/div>\n\t\t<\/div>\n\t\t\t\t\t<\/div>\n\t\t<\/section>\n\t\t\t\t<section class=\"elementor-section elementor-top-section elementor-element elementor-element-90ca109 elementor-section-height-min-height elementor-section-content-top elementor-section-boxed elementor-section-height-default elementor-section-items-middle\" data-id=\"90ca109\" data-element_type=\"section\" data-e-type=\"section\">\n\t\t\t\t\t\t<div class=\"elementor-container elementor-column-gap-no\">\n\t\t\t\t\t<div class=\"elementor-column elementor-col-25 elementor-top-column elementor-element elementor-element-6468648\" data-id=\"6468648\" data-element_type=\"column\" data-e-type=\"column\">\n\t\t\t<div class=\"elementor-widget-wrap elementor-element-populated\">\n\t\t\t\t\t\t<div class=\"elementor-element elementor-element-3eb5580 elementor-widget elementor-widget-heading\" data-id=\"3eb5580\" data-element_type=\"widget\" data-e-type=\"widget\" data-widget_type=\"heading.default\">\n\t\t\t\t<div class=\"elementor-widget-container\">\n\t\t\t\t\t<h2 class=\"elementor-heading-title elementor-size-default\">Formule<br>SUNSET<br>1300\u20ac<\/h2>\t\t\t\t<\/div>\n\t\t\t\t<\/div>\n\t\t\t\t<div class=\"elementor-element elementor-element-4991c1e elementor-widget elementor-widget-text-editor\" data-id=\"4991c1e\" data-element_type=\"widget\" data-e-type=\"widget\" data-widget_type=\"text-editor.default\">\n\t\t\t\t<div class=\"elementor-widget-container\">\n\t\t\t\t\t\t\t\t\t<p style=\"font-variant-ligatures: normal; font-variant-caps: normal; font-style: normal; font-weight: 400; text-align: center; color: #7a7a7a;\"><strong style=\"font-size: 16px;\">SONORISATION\u00a0<\/strong><\/p>\n<p style=\"font-variant-ligatures: normal; font-variant-caps: normal; font-style: normal; font-weight: 400; text-align: center; color: #7a7a7a;\">2 enceintes<br \/>Platines DJ<br \/>2 micros sans fil<\/p>\n<p style=\"font-variant-ligatures: normal; font-variant-caps: normal; font-style: normal; font-weight: 400; text-align: center; color: #7a7a7a;\"><strong style=\"font-size: 16px;\">ECLAIRAGE<\/strong><\/p>\n<p style=\"font-variant-ligatures: normal; font-variant-caps: normal; font-style: normal; font-weight: 400; text-align: center; color: #7a7a7a;\">4 totems monotubes\u00a0<br \/>4 jeux de lumi\u00e8re robotis\u00e9s\u00a0<br \/>1 machine brouillard<\/p>\n<p style=\"font-variant-ligatures: normal; font-variant-caps: normal; font-style: normal; font-weight: 400; text-align: center; color: #7a7a7a;\"><strong style=\"font-size: 16px;\">OPTION INCLUSES<\/strong><\/p>\n<p style=\"font-variant-ligatures: normal; font-variant-caps: normal; font-style: normal; font-weight: 400; text-align: center; color: #7a7a7a;\">1 table de DJ<br \/>Un paravent r\u00e9tro \u00e9clair\u00e9<br \/>Meuble DJ en bois\u00a0<br \/>Caisse bois vintage avec parled\u00a0 (<\/p>\t\t\t\t\t\t\t\t<\/div>\n\t\t\t\t<\/div>\n\t\t\t\t\t<\/div>\n\t\t<\/div>\n\t\t\t\t<div class=\"elementor-column elementor-col-25 elementor-top-column elementor-element elementor-element-b56b3a9\" data-id=\"b56b3a9\" data-element_type=\"column\" data-e-type=\"column\">\n\t\t\t<div class=\"elementor-widget-wrap elementor-element-populated\">\n\t\t\t\t\t\t<div class=\"elementor-element elementor-element-68e326c elementor-widget elementor-widget-heading\" data-id=\"68e326c\" data-element_type=\"widget\" data-e-type=\"widget\" data-widget_type=\"heading.default\">\n\t\t\t\t<div class=\"elementor-widget-container\">\n\t\t\t\t\t<h2 class=\"elementor-heading-title elementor-size-default\">Formule<br>HONEYMOON<br>1620\u20ac<\/h2>\t\t\t\t<\/div>\n\t\t\t\t<\/div>\n\t\t\t\t<div class=\"elementor-element elementor-element-67d0550 elementor-widget elementor-widget-text-editor\" data-id=\"67d0550\" data-element_type=\"widget\" data-e-type=\"widget\" data-widget_type=\"text-editor.default\">\n\t\t\t\t<div class=\"elementor-widget-container\">\n\t\t\t\t\t\t\t\t\t<p style=\"font-variant-ligatures: normal; font-variant-caps: normal; font-style: normal; font-weight: 400; color: #7a7a7a;\"><strong style=\"font-size: 16px;\">SONORISATION\u00a0<\/strong><\/p>\n<p style=\"font-variant-ligatures: normal; font-variant-caps: normal; font-style: normal; font-weight: 400; color: #7a7a7a;\">2 enceintes<br \/>Platines DJ<br \/>2 micros sans fil\u00a0<\/p>\n<p style=\"font-variant-ligatures: normal; font-variant-caps: normal; font-style: normal; font-weight: 400; color: #7a7a7a;\"><strong style=\"font-size: 16px;\">ECLAIRAGE<\/strong><\/p>\n<p style=\"font-variant-ligatures: normal; font-variant-caps: normal; font-style: normal; font-weight: 400; color: #7a7a7a;\">4 totems lycra\u00a0\u00a0<br \/>4 jeux de lumi\u00e8re robotis\u00e9s\u00a0<br \/>1 machine \u00e0 brouillard<\/p>\n<p style=\"font-variant-ligatures: normal; font-variant-caps: normal; font-style: normal; font-weight: 400; color: #7a7a7a;\"><strong style=\"font-size: 16px;\">OPTIONS INCLUSES<\/strong><\/p>\n<p style=\"font-variant-ligatures: normal; font-variant-caps: normal; font-style: normal; font-weight: 400; color: #7a7a7a;\">1 table de DJ\u00a0<br \/>Paravent blanc r\u00e9tro\u00e9clair\u00e9<br \/>Sonorisation du vin d&rsquo;honneur<br \/><span style=\"font-variant-ligatures: normal; font-variant-caps: normal; font-family: Georgia, Times, 'Times New Roman', serif; font-size: 16px; font-style: normal; font-weight: 400;\">Mise en lumi\u00e8re de la salle (8 spots)<br \/>Pyrotechnie (4 jets \u00e0 \u00e9tincelles froides)<\/span><\/p>\t\t\t\t\t\t\t\t<\/div>\n\t\t\t\t<\/div>\n\t\t\t\t\t<\/div>\n\t\t<\/div>\n\t\t\t\t<div class=\"elementor-column elementor-col-25 elementor-top-column elementor-element elementor-element-5c72131\" data-id=\"5c72131\" data-element_type=\"column\" data-e-type=\"column\">\n\t\t\t<div class=\"elementor-widget-wrap elementor-element-populated\">\n\t\t\t\t\t\t<div class=\"elementor-element elementor-element-a8dbd7f elementor-widget elementor-widget-heading\" data-id=\"a8dbd7f\" data-element_type=\"widget\" data-e-type=\"widget\" data-widget_type=\"heading.default\">\n\t\t\t\t<div class=\"elementor-widget-container\">\n\t\t\t\t\t<h2 class=\"elementor-heading-title elementor-size-default\">Formule<br>SUN &amp; MOON<br>1620\u20ac<\/h2>\t\t\t\t<\/div>\n\t\t\t\t<\/div>\n\t\t\t\t<div class=\"elementor-element elementor-element-3f92da7 elementor-widget elementor-widget-text-editor\" data-id=\"3f92da7\" data-element_type=\"widget\" data-e-type=\"widget\" data-widget_type=\"text-editor.default\">\n\t\t\t\t<div class=\"elementor-widget-container\">\n\t\t\t\t\t\t\t\t\t<p style=\"font-variant-ligatures: normal; font-variant-caps: normal; font-style: normal; font-weight: 400; color: #7a7a7a; text-align: center;\"><strong style=\"font-size: 16px;\">SONORISATION\u00a0<\/strong><\/p>\n<p style=\"font-variant-ligatures: normal; font-variant-caps: normal; font-style: normal; font-weight: 400; color: #7a7a7a; text-align: center;\">2 enceintes<br \/>Platines DJ<br \/>2 micros sans fil\u00a0<\/p>\n<p style=\"font-variant-ligatures: normal; font-variant-caps: normal; font-style: normal; font-weight: 400; color: #7a7a7a; text-align: center;\"><strong style=\"font-size: 16px;\">ECLAIRAGE<\/strong><\/p>\n<p style=\"font-variant-ligatures: normal; font-variant-caps: normal; font-style: normal; font-weight: 400; color: #7a7a7a; text-align: center;\"><span style=\"font-variant-ligatures: normal; font-variant-caps: normal; font-family: Georgia, Times, 'Times New Roman', serif; font-size: 16px; font-style: normal; font-weight: 400;\">4 totems monotubes\u00a0<br \/>4 jeux de lumi\u00e8res robotis\u00e9s\u00a0<br \/>2 barres lumineuses (sunstrip)<\/span><span style=\"font-variant-ligatures: normal; font-variant-caps: normal; font-family: Georgia, Times, 'Times New Roman', serif; font-size: 16px; font-style: normal; font-weight: 400;\"><br \/><\/span><span style=\"font-variant-ligatures: normal; font-variant-caps: normal; font-family: Georgia, Times, 'Times New Roman', serif; font-size: 16px; font-style: normal; font-weight: 400;\">2 parleds\u00a0<\/span><\/p>\n<p style=\"font-variant-ligatures: normal; font-variant-caps: normal; font-style: normal; font-weight: 400; color: #7a7a7a; text-align: center;\"><strong style=\"font-size: 16px;\">OPTIONS INCLUSES<\/strong><\/p>\n<p style=\"font-variant-ligatures: normal; font-variant-caps: normal; font-style: normal; font-weight: 400; color: #7a7a7a; text-align: center;\"><span style=\"font-variant-ligatures: normal; font-variant-caps: normal; font-family: Georgia, Times, 'Times New Roman', serif; font-size: 16px; font-style: normal; font-weight: 400;\">1 meuble DJ bois<\/span><br \/><span style=\"font-variant-ligatures: normal; font-variant-caps: normal; font-family: Georgia, Times, 'Times New Roman', serif; font-size: 16px; font-style: normal; font-weight: 400;\">1 caisse en bois vintage<\/span><span style=\"font-variant-ligatures: normal; font-variant-caps: normal; font-family: Georgia, Times, 'Times New Roman', serif; font-size: 16px; font-style: normal; font-weight: 400;\"><br \/><\/span><span style=\"font-variant-ligatures: normal; font-variant-caps: normal; font-family: Georgia, Times, 'Times New Roman', serif; font-size: 16px; font-style: normal; font-weight: 400;\">Sonorisation du vin d&rsquo;honneur<br \/>Mise en lumi\u00e8re de la salle (8 spots)<br \/>Pyrotechnie (4 jets \u00e0 \u00e9tincelles froides)<\/span><\/p>\t\t\t\t\t\t\t\t<\/div>\n\t\t\t\t<\/div>\n\t\t\t\t\t<\/div>\n\t\t<\/div>\n\t\t\t\t<div class=\"elementor-column elementor-col-25 elementor-top-column elementor-element elementor-element-be3b205\" data-id=\"be3b205\" data-element_type=\"column\" data-e-type=\"column\">\n\t\t\t<div class=\"elementor-widget-wrap elementor-element-populated\">\n\t\t\t\t\t\t<div class=\"elementor-element elementor-element-0bc6f42 elementor-widget elementor-widget-heading\" data-id=\"0bc6f42\" data-element_type=\"widget\" data-e-type=\"widget\" data-widget_type=\"heading.default\">\n\t\t\t\t<div class=\"elementor-widget-container\">\n\t\t\t\t\t<h2 class=\"elementor-heading-title elementor-size-default\">Formule<br>FULL MOON<br>1950\u20ac<\/h2>\t\t\t\t<\/div>\n\t\t\t\t<\/div>\n\t\t\t\t<div class=\"elementor-element elementor-element-e7bda6a elementor-widget elementor-widget-text-editor\" data-id=\"e7bda6a\" data-element_type=\"widget\" data-e-type=\"widget\" data-widget_type=\"text-editor.default\">\n\t\t\t\t<div class=\"elementor-widget-container\">\n\t\t\t\t\t\t\t\t\t<p style=\"font-variant-ligatures: normal; font-variant-caps: normal; font-style: normal; font-weight: 400; color: #7a7a7a; text-align: center;\"><strong style=\"font-size: 16px;\">SONORISATION\u00a0<\/strong><\/p>\n<p style=\"font-variant-ligatures: normal; font-variant-caps: normal; font-style: normal; font-weight: 400; color: #7a7a7a; text-align: center;\">2 enceintes<br \/>Platines DJ<br \/>2 micros sans fil<\/p>\n<p style=\"font-variant-ligatures: normal; font-variant-caps: normal; font-style: normal; font-weight: 400; color: #7a7a7a; text-align: center;\"><strong style=\"font-size: 16px;\">ECLAIRAGE\u00a0<\/strong><\/p>\n<p style=\"font-variant-ligatures: normal; font-variant-caps: normal; font-style: normal; font-weight: 400; color: #7a7a7a; text-align: center;\">4 totems lycra lumineux\u00a0<br \/>6 jeux de lumi\u00e8re robotis\u00e9s\u00a0<br \/>1 machine \u00e0 brouillard<\/p>\n<p style=\"font-variant-ligatures: normal; font-variant-caps: normal; font-style: normal; font-weight: 400; color: #7a7a7a; text-align: center;\"><strong style=\"font-size: 16px;\">OPTIONS INCLUSES<\/strong><\/p>\n<p style=\"font-variant-ligatures: normal; font-variant-caps: normal; font-style: normal; font-weight: 400; color: #7a7a7a; text-align: center;\">1 cabine DJ capiton\u00e9e \u00e0 LED<br \/>Sonorisation du vin d&rsquo;honneur<br \/>Mise en lumi\u00e8re de la salle (8 spots)<br \/>Pyrotechnie (4 jets \u00e0 \u00e9tincelles froides)<br \/>Fum\u00e9e lourde pour l&rsquo;ouverture de bal<\/p>\t\t\t\t\t\t\t\t<\/div>\n\t\t\t\t<\/div>\n\t\t\t\t\t<\/div>\n\t\t<\/div>\n\t\t\t\t\t<\/div>\n\t\t<\/section>\n\t\t\t\t<section class=\"elementor-section elementor-top-section elementor-element elementor-element-121bee8 elementor-section-boxed elementor-section-height-default elementor-section-height-default\" data-id=\"121bee8\" data-element_type=\"section\" data-e-type=\"section\">\n\t\t\t\t\t\t<div class=\"elementor-container elementor-column-gap-default\">\n\t\t\t\t\t<div class=\"elementor-column elementor-col-25 elementor-top-column elementor-element elementor-element-becf923\" data-id=\"becf923\" data-element_type=\"column\" data-e-type=\"column\">\n\t\t\t<div class=\"elementor-widget-wrap elementor-element-populated\">\n\t\t\t\t\t\t<div class=\"elementor-element elementor-element-ab67654 elementor-widget elementor-widget-image\" data-id=\"ab67654\" data-element_type=\"widget\" data-e-type=\"widget\" data-widget_type=\"image.default\">\n\t\t\t\t<div class=\"elementor-widget-container\">\n\t\t\t\t\t\t\t\t\t\t\t\t\t\t\t<img alt=\"\" decoding=\"async\" width=\"1024\" height=\"723\" src=\"https:\/\/dayandnightanimation.com\/wp-content\/uploads\/2023\/10\/IMG_1241-1024x723.jpg\" class=\"attachment-large size-large wp-image-912\" alt=\"\" srcset=\"https:\/\/dayandnightanimation.com\/wp-content\/uploads\/2023\/10\/IMG_1241-1024x723.jpg 1024w, https:\/\/dayandnightanimation.com\/wp-content\/uploads\/2023\/10\/IMG_1241-300x212.jpg 300w, https:\/\/dayandnightanimation.com\/wp-content\/uploads\/2023\/10\/IMG_1241-768x542.jpg 768w, https:\/\/dayandnightanimation.com\/wp-content\/uploads\/2023\/10\/IMG_1241-1536x1085.jpg 1536w, https:\/\/dayandnightanimation.com\/wp-content\/uploads\/2023\/10\/IMG_1241-2048x1446.jpg 2048w\" sizes=\"(max-width: 1024px) 100vw, 1024px\" \/>\t\t\t\t\t\t\t\t\t\t\t\t\t\t\t<\/div>\n\t\t\t\t<\/div>\n\t\t\t\t\t<\/div>\n\t\t<\/div>\n\t\t\t\t<div class=\"elementor-column elementor-col-25 elementor-top-column elementor-element elementor-element-cf24aec\" data-id=\"cf24aec\" data-element_type=\"column\" data-e-type=\"column\">\n\t\t\t<div class=\"elementor-widget-wrap elementor-element-populated\">\n\t\t\t\t\t\t<div class=\"elementor-element elementor-element-682c475 elementor-widget elementor-widget-image\" data-id=\"682c475\" data-element_type=\"widget\" data-e-type=\"widget\" data-widget_type=\"image.default\">\n\t\t\t\t<div class=\"elementor-widget-container\">\n\t\t\t\t\t\t\t\t\t\t\t\t\t\t\t<img alt=\"\" decoding=\"async\" width=\"1024\" height=\"586\" src=\"https:\/\/dayandnightanimation.com\/wp-content\/uploads\/2023\/10\/IMG_7746-1024x586.jpg\" class=\"attachment-large size-large wp-image-913\" alt=\"\" srcset=\"https:\/\/dayandnightanimation.com\/wp-content\/uploads\/2023\/10\/IMG_7746-1024x586.jpg 1024w, https:\/\/dayandnightanimation.com\/wp-content\/uploads\/2023\/10\/IMG_7746-300x172.jpg 300w, https:\/\/dayandnightanimation.com\/wp-content\/uploads\/2023\/10\/IMG_7746-768x440.jpg 768w, https:\/\/dayandnightanimation.com\/wp-content\/uploads\/2023\/10\/IMG_7746-1536x880.jpg 1536w, https:\/\/dayandnightanimation.com\/wp-content\/uploads\/2023\/10\/IMG_7746-2048x1173.jpg 2048w\" sizes=\"(max-width: 1024px) 100vw, 1024px\" \/>\t\t\t\t\t\t\t\t\t\t\t\t\t\t\t<\/div>\n\t\t\t\t<\/div>\n\t\t\t\t\t<\/div>\n\t\t<\/div>\n\t\t\t\t<div class=\"elementor-column elementor-col-25 elementor-top-column elementor-element elementor-element-d3e2194\" data-id=\"d3e2194\" data-element_type=\"column\" data-e-type=\"column\">\n\t\t\t<div class=\"elementor-widget-wrap elementor-element-populated\">\n\t\t\t\t\t\t<div class=\"elementor-element elementor-element-837a0a0 elementor-widget elementor-widget-image\" data-id=\"837a0a0\" data-element_type=\"widget\" data-e-type=\"widget\" data-widget_type=\"image.default\">\n\t\t\t\t<div class=\"elementor-widget-container\">\n\t\t\t\t\t\t\t\t\t\t\t\t\t\t\t<img alt=\"\" loading=\"lazy\" decoding=\"async\" width=\"1024\" height=\"782\" src=\"https:\/\/dayandnightanimation.com\/wp-content\/uploads\/2023\/10\/IMG_1279-1024x782.jpg\" class=\"attachment-large size-large wp-image-914\" alt=\"\" srcset=\"https:\/\/dayandnightanimation.com\/wp-content\/uploads\/2023\/10\/IMG_1279-1024x782.jpg 1024w, https:\/\/dayandnightanimation.com\/wp-content\/uploads\/2023\/10\/IMG_1279-300x229.jpg 300w, https:\/\/dayandnightanimation.com\/wp-content\/uploads\/2023\/10\/IMG_1279-768x587.jpg 768w, https:\/\/dayandnightanimation.com\/wp-content\/uploads\/2023\/10\/IMG_1279-1536x1174.jpg 1536w, https:\/\/dayandnightanimation.com\/wp-content\/uploads\/2023\/10\/IMG_1279-2048x1565.jpg 2048w\" sizes=\"(max-width: 1024px) 100vw, 1024px\" \/>\t\t\t\t\t\t\t\t\t\t\t\t\t\t\t<\/div>\n\t\t\t\t<\/div>\n\t\t\t\t\t<\/div>\n\t\t<\/div>\n\t\t\t\t<div class=\"elementor-column elementor-col-25 elementor-top-column elementor-element elementor-element-49f596a\" data-id=\"49f596a\" data-element_type=\"column\" data-e-type=\"column\">\n\t\t\t<div class=\"elementor-widget-wrap elementor-element-populated\">\n\t\t\t\t\t\t<div class=\"elementor-element elementor-element-b176f38 elementor-widget elementor-widget-image\" data-id=\"b176f38\" data-element_type=\"widget\" data-e-type=\"widget\" data-widget_type=\"image.default\">\n\t\t\t\t<div class=\"elementor-widget-container\">\n\t\t\t\t\t\t\t\t\t\t\t\t\t\t\t<img alt=\"\" loading=\"lazy\" decoding=\"async\" width=\"533\" height=\"400\" src=\"https:\/\/dayandnightanimation.com\/wp-content\/uploads\/2023\/10\/IMG_9349.jpg\" class=\"attachment-large size-large wp-image-915\" alt=\"\" srcset=\"https:\/\/dayandnightanimation.com\/wp-content\/uploads\/2023\/10\/IMG_9349.jpg 533w, https:\/\/dayandnightanimation.com\/wp-content\/uploads\/2023\/10\/IMG_9349-300x225.jpg 300w\" sizes=\"(max-width: 533px) 100vw, 533px\" \/>\t\t\t\t\t\t\t\t\t\t\t\t\t\t\t<\/div>\n\t\t\t\t<\/div>\n\t\t\t\t\t<\/div>\n\t\t<\/div>\n\t\t\t\t\t<\/div>\n\t\t<\/section>\n\t\t\t\t<section class=\"elementor-section elementor-top-section elementor-element elementor-element-c3e932f elementor-section-boxed elementor-section-height-default elementor-section-height-default\" data-id=\"c3e932f\" data-element_type=\"section\" data-e-type=\"section\">\n\t\t\t\t\t\t<div class=\"elementor-container elementor-column-gap-default\">\n\t\t\t\t\t<div class=\"elementor-column elementor-col-100 elementor-top-column elementor-element elementor-element-61410b2\" data-id=\"61410b2\" data-element_type=\"column\" data-e-type=\"column\">\n\t\t\t<div class=\"elementor-widget-wrap elementor-element-populated\">\n\t\t\t\t\t\t<div class=\"elementor-element elementor-element-e138cc8 elementor-widget elementor-widget-text-editor\" data-id=\"e138cc8\" data-element_type=\"widget\" data-e-type=\"widget\" data-widget_type=\"text-editor.default\">\n\t\t\t\t<div class=\"elementor-widget-container\">\n\t\t\t\t\t\t\t\t\t<p><strong>Et si nous organisions ensemble l&rsquo;animation du plus beau jour de votre vie ? <\/strong><\/p>\n<p>Pour\u00a0 tout renseignements compl\u00e9mentaires, n&rsquo;h\u00e9sitez pas \u00e0 me contacter au : 06.65.49.47.87. ou dans notre rubrique \u00ab\u00a0contact\u00a0\u00bb en <a style=\"font-size: 16px;\" href=\"https:\/\/dayandnightanimation.com\/?page_id=563\" target=\"_blank\" rel=\"noopener\">cliquant ici.<\/a><\/p>\t\t\t\t\t\t\t\t<\/div>\n\t\t\t\t<\/div>\n\t\t\t\t\t<\/div>\n\t\t<\/div>\n\t\t\t\t\t<\/div>\n\t\t<\/section>\n\t\t\t\t<\/div>\n\t\t","protected":false},"excerpt":{"rendered":"<p>Votre mariage est un jour unique et je vous propose donc une prestation haut de gamme. Vous avez le choix entre plusieurs formules correspondant le mieux \u00e0 vos attentes, celles-ci \u00e9tant modulables. Ce tarif inclut \u00e9galement les rendez-vous, aussi nombreux<\/p>\n","protected":false},"author":1,"featured_media":0,"parent":0,"menu_order":0,"comment_status":"closed","ping_status":"closed","template":"","meta":{"_seopress_robots_primary_cat":"","_seopress_titles_title":"","_seopress_titles_desc":"","_seopress_robots_index":"","footnotes":""},"class_list":["post-517","page","type-page","status-publish","hentry"],"_links":{"self":[{"href":"https:\/\/dayandnightanimation.com\/index.php?rest_route=\/wp\/v2\/pages\/517","targetHints":{"allow":["GET"]}}],"collection":[{"href":"https:\/\/dayandnightanimation.com\/index.php?rest_route=\/wp\/v2\/pages"}],"about":[{"href":"https:\/\/dayandnightanimation.com\/index.php?rest_route=\/wp\/v2\/types\/page"}],"author":[{"embeddable":true,"href":"https:\/\/dayandnightanimation.com\/index.php?rest_route=\/wp\/v2\/users\/1"}],"replies":[{"embeddable":true,"href":"https:\/\/dayandnightanimation.com\/index.php?rest_route=%2Fwp%2Fv2%2Fcomments&post=517"}],"version-history":[{"count":69,"href":"https:\/\/dayandnightanimation.com\/index.php?rest_route=\/wp\/v2\/pages\/517\/revisions"}],"predecessor-version":[{"id":1118,"href":"https:\/\/dayandnightanimation.com\/index.php?rest_route=\/wp\/v2\/pages\/517\/revisions\/1118"}],"wp:attachment":[{"href":"https:\/\/dayandnightanimation.com\/index.php?rest_route=%2Fwp%2Fv2%2Fmedia&parent=517"}],"curies":[{"name":"wp","href":"https:\/\/api.w.org\/{rel}","templated":true}]}}